{"id":2,"date":"2018-10-26T17:10:00","date_gmt":"2018-10-26T17:10:00","guid":{"rendered":"http:\/\/christowski.de\/blog\/?page_id=2"},"modified":"2025-11-29T15:04:19","modified_gmt":"2025-11-29T13:04:19","slug":"autor","status":"publish","type":"page","link":"https:\/\/christowski.de\/blog\/autor\/","title":{"rendered":"Autor"},"content":{"rendered":"<p><img decoding=\"async\" class=\"authorpic alignnone wp-image-2294\" title=\"Foto: Hella Wittenberg\" src=\"https:\/\/christowski.de\/blog\/wp-content\/uploads\/2020\/09\/Christoph-Rauscher-2020.jpg\" alt=\"Portrait von Christoph Rauscher. Foto: Hella Wittenberg\" width=\"380\" srcset=\"https:\/\/christowski.de\/blog\/wp-content\/uploads\/2020\/09\/Christoph-Rauscher-2020.jpg 800w, https:\/\/christowski.de\/blog\/wp-content\/uploads\/2020\/09\/Christoph-Rauscher-2020-250x375.jpg 250w, https:\/\/christowski.de\/blog\/wp-content\/uploads\/2020\/09\/Christoph-Rauscher-2020-768x1152.jpg 768w, https:\/\/christowski.de\/blog\/wp-content\/uploads\/2020\/09\/Christoph-Rauscher-2020-700x1050.jpg 700w, https:\/\/christowski.de\/blog\/wp-content\/uploads\/2020\/09\/Christoph-Rauscher-2020-120x180.jpg 120w\" sizes=\"(max-width: 800px) 100vw, 800px\" \/><\/p>\n<p>Ich bin Christoph. Dieses Blog sammelt seit 2006 Texte, Gedankenspr\u00fcnge, Zeichnungen und Beobachtungen aus dem Alltag. Ich interessiere mich f\u00fcr die R\u00e4nder der Dinge; die sind manchmal glatt, hin und wieder scharf, durchaus oft welk. Wenn ich kann, halte ich mich an ihnen fest.<\/p>\n<p>Berlin, am 17. Oktober 2014.<\/p>\n","protected":false},"excerpt":{"rendered":"<p>Ich bin Christoph. Dieses Blog sammelt seit 2006 Texte, Gedankenspr\u00fcnge, Zeichnungen und Beobachtungen aus dem Alltag. Ich interessiere mich f\u00fcr die R\u00e4nder der Dinge; die sind manchmal glatt, hin und wieder scharf, durchaus oft welk. Wenn ich kann, halte ich mich an ihnen fest. Berlin, am 17. Oktober 2014.<\/p>\n","protected":false},"author":1,"featured_media":0,"parent":0,"menu_order":0,"comment_status":"closed","ping_status":"open","template":"","meta":{"footnotes":""},"class_list":["post-2","page","type-page","status-publish","hentry"],"_links":{"self":[{"href":"https:\/\/christowski.de\/blog\/wp-json\/wp\/v2\/pages\/2","targetHints":{"allow":["GET"]}}],"collection":[{"href":"https:\/\/christowski.de\/blog\/wp-json\/wp\/v2\/pages"}],"about":[{"href":"https:\/\/christowski.de\/blog\/wp-json\/wp\/v2\/types\/page"}],"author":[{"embeddable":true,"href":"https:\/\/christowski.de\/blog\/wp-json\/wp\/v2\/users\/1"}],"replies":[{"embeddable":true,"href":"https:\/\/christowski.de\/blog\/wp-json\/wp\/v2\/comments?post=2"}],"version-history":[{"count":12,"href":"https:\/\/christowski.de\/blog\/wp-json\/wp\/v2\/pages\/2\/revisions"}],"predecessor-version":[{"id":3253,"href":"https:\/\/christowski.de\/blog\/wp-json\/wp\/v2\/pages\/2\/revisions\/3253"}],"wp:attachment":[{"href":"https:\/\/christowski.de\/blog\/wp-json\/wp\/v2\/media?parent=2"}],"curies":[{"name":"wp","href":"https:\/\/api.w.org\/{rel}","templated":true}]}}